{"id":2,"date":"2021-10-14T22:35:54","date_gmt":"2021-10-14T22:35:54","guid":{"rendered":"https:\/\/ninamenocal.com\/?page_id=2"},"modified":"2024-11-28T22:36:38","modified_gmt":"2024-11-28T22:36:38","slug":"pagina-ejemplo","status":"publish","type":"page","link":"https:\/\/ninamenocal.com\/","title":{"rendered":"Inicio"},"content":{"rendered":"\t\t<div data-elementor-type=\"wp-page\" data-elementor-id=\"2\" class=\"elementor elementor-2\">\n\t\t\t\t\t\t<section class=\"has_ma_el_bg_slider elementor-section elementor-top-section elementor-element elementor-element-dae7977 elementor-section-full_width elementor-section-content-top elementor-section-height-default elementor-section-height-default jltma-glass-effect-no\" data-id=\"dae7977\" data-element_type=\"section\">\n\t\t\t\t\t\t<div class=\"elementor-container elementor-column-gap-no\">\n\t\t\t\t\t<div class=\"has_ma_el_bg_slider elementor-column elementor-col-100 elementor-top-column elementor-element elementor-element-715b9b2 jltma-glass-effect-no\" data-id=\"715b9b2\" data-element_type=\"column\">\n\t\t\t<div class=\"elementor-widget-wrap elementor-element-populated\">\n\t\t\t\t\t\t\t<\/div>\n\t\t<\/div>\n\t\t\t\t\t<\/div>\n\t\t<\/section>\n\t\t\t\t<section class=\"has_ma_el_bg_slider elementor-section elementor-top-section elementor-element elementor-element-36df6a4 elementor-section-full_width elementor-section-stretched elementor-section-content-top elementor-section-height-default elementor-section-height-default jltma-glass-effect-no\" data-id=\"36df6a4\" data-element_type=\"section\" data-settings=\"{&quot;stretch_section&quot;:&quot;section-stretched&quot;}\">\n\t\t\t\t\t\t<div class=\"elementor-container elementor-column-gap-custom\">\n\t\t\t\t\t<div class=\"has_ma_el_bg_slider elementor-column elementor-col-50 elementor-top-column elementor-element elementor-element-7d1dbc2 jltma-glass-effect-no\" data-id=\"7d1dbc2\" data-element_type=\"column\">\n\t\t\t<div class=\"elementor-widget-wrap elementor-element-populated\">\n\t\t\t\t\t\t<div class=\"elementor-element elementor-element-57500bd jltma-glass-effect-no elementor-widget elementor-widget-spacer\" data-id=\"57500bd\" data-element_type=\"widget\" data-widget_type=\"spacer.default\">\n\t\t\t\t<div class=\"elementor-widget-container\">\n\t\t\t\t\t\t\t<div class=\"elementor-spacer\">\n\t\t\t<div class=\"elementor-spacer-inner\"><\/div>\n\t\t<\/div>\n\t\t\t\t\t\t<\/div>\n\t\t\t\t<\/div>\n\t\t\t\t<div class=\"elementor-element elementor-element-d20b1a3 jltma-glass-effect-no elementor-widget elementor-widget-text-editor\" data-id=\"d20b1a3\" data-element_type=\"widget\" data-widget_type=\"text-editor.default\">\n\t\t\t\t<div class=\"elementor-widget-container\">\n\t\t\t\t\t\t\t\t\t<p><em>Comprometida desde sus or\u00edgenes con artistas emergentes cubanos, mexicanos y latinoamericanos, pionera en M\u00e9xico en las principales ferias internacionales de arte, la galer\u00eda nina menocal ha ayudado a consolidar el arte contempor\u00e1neo mexicano. Es de las primeras en su g\u00e9nero. Hoy, con exhibiciones, proyectos y la obra de sus artistas, busca renovar temas y tendencias que cuestionan la realidad y nuestro entorno.<\/em><\/p>\t\t\t\t\t\t\t\t<\/div>\n\t\t\t\t<\/div>\n\t\t\t\t\t<\/div>\n\t\t<\/div>\n\t\t\t\t<div class=\"has_ma_el_bg_slider elementor-column elementor-col-50 elementor-top-column elementor-element elementor-element-745c907 jltma-glass-effect-no\" data-id=\"745c907\" data-element_type=\"column\">\n\t\t\t<div class=\"elementor-widget-wrap elementor-element-populated\">\n\t\t\t\t\t\t<div class=\"elementor-element elementor-element-7ec32ca jltma-glass-effect-no elementor-widget elementor-widget-spacer\" data-id=\"7ec32ca\" data-element_type=\"widget\" data-widget_type=\"spacer.default\">\n\t\t\t\t<div class=\"elementor-widget-container\">\n\t\t\t\t\t\t\t<div class=\"elementor-spacer\">\n\t\t\t<div class=\"elementor-spacer-inner\"><\/div>\n\t\t<\/div>\n\t\t\t\t\t\t<\/div>\n\t\t\t\t<\/div>\n\t\t\t\t<div class=\"elementor-element elementor-element-ba38fcf jltma-glass-effect-no elementor-widget elementor-widget-accordion\" data-id=\"ba38fcf\" data-element_type=\"widget\" data-widget_type=\"accordion.default\">\n\t\t\t\t<div class=\"elementor-widget-container\">\n\t\t\t\t\t\t\t<div class=\"elementor-accordion\">\n\t\t\t\t\t\t\t<div class=\"elementor-accordion-item\">\n\t\t\t\t\t<div id=\"elementor-tab-title-1951\" class=\"elementor-tab-title\" data-tab=\"1\" role=\"button\" aria-controls=\"elementor-tab-content-1951\" aria-expanded=\"false\">\n\t\t\t\t\t\t\t\t\t\t\t\t\t<span class=\"elementor-accordion-icon elementor-accordion-icon-left\" aria-hidden=\"true\">\n\t\t\t\t\t\t\t\t\t\t\t\t\t\t\t<span class=\"elementor-accordion-icon-closed\"><i class=\"fas fa-plus\"><\/i><\/span>\n\t\t\t\t\t\t\t\t<span class=\"elementor-accordion-icon-opened\"><i class=\"fas fa-minus\"><\/i><\/span>\n\t\t\t\t\t\t\t\t\t\t\t\t\t\t<\/span>\n\t\t\t\t\t\t\t\t\t\t\t\t<a class=\"elementor-accordion-title\" tabindex=\"0\">HISTORIA<\/a>\n\t\t\t\t\t<\/div>\n\t\t\t\t\t<div id=\"elementor-tab-content-1951\" class=\"elementor-tab-content elementor-clearfix\" data-tab=\"1\" role=\"region\" aria-labelledby=\"elementor-tab-title-1951\"><p>El arte contempor\u00e1neo en M\u00e9xico debe mucho al prestigioso y trabajo de la galer\u00eda nina menocal. Fundada en 1990 bajo el nombre de Ninart, en un peque\u00f1o apartamento ubicado en la \u201cZona Rosa\u201d, fue el primer espacio en exhibir a artistas cubanos contempor\u00e1neos en la Ciudad de M\u00e9xico y<\/p><p>posteriormente artistas emergentes mexicanos, de Am\u00e9rica Latina y de otras nacionalidades. Igualmente fue galer\u00eda mexicana precursora en participar en ferias de arte internacional.<\/p><p>En este sentido su fundadora, Nina Menocal, ha sido fuerza decisiva para construir las bases del arte contempor\u00e1neo en M\u00e9xico e incrementar su inter\u00e9s y estudio. Menocal, \u00a0ha impartido conferencias y\/o realizado proyectos curatoriales en importantes museos e instituciones mundiales como el CCS Center for Curatorial Studies Bard Museum, NY; The Rockerfeller Brothers Fundation, NY; Museo del Barrio, NY; Frost Art Museum y FIU, Florida International University, Miami, FL; MOOLA, Museum of Latin American Art, Los Angeles, CA; Center for the Fine Arts, Colorado Springs, CA; Sheldon Museum of Art, Lincoln, NE; EACC, Espai d\u2019 Art Contemporani de Castell\u00f3, Castell\u00f3n de la Plana, Espa\u00f1a; El Ojo At\u00f3mico, Madrid, Espa\u00f1a, Embajada de M\u00e9xico en Alemania, Berlin y MACG, Museo de Arte Carrillo Gil, y Border, Centro Cultural, M\u00e9xico, D.F.<\/p><p>La galer\u00eda exhibi\u00f3 las primeras muestras individuales y comerciales, al tiempo en que produjo sus primeros cat\u00e1logos, de los cubanos Tom\u00e1s S\u00e1nchez y de los artistas la llamada Generaci\u00f3n de los Ochenta. La hist\u00f3rica exposici\u00f3n 15 artistas cubanos en 1991, curada por los destacados profesionales del arte Osvaldo S\u00e1nchez e Iv\u00e1n de la Nuez, incluy\u00f3 al legendario y exiliado artista cubano-americano F\u00e9lix Gonz\u00e1lez Torres, as\u00ed como a Jos\u00e9 Bedia, Arturo Cuenca, Luis Cruz Azaceta, entre otros.<\/p><p>\u00a0<\/p><p>La nina menocal ha trabajado con artistas mexicanos comprometidamente, siendo una influencia en sus carreras y llev\u00e1ndolos a ferias internacionales; mencionamos a Carlos Aguirre, Carlos Amorales, Enrique Jezyk, Boris Viskin, Perla Krauze, Eric P\u00e9rez, Daniel Guzm\u00e1n, Claudia Fern\u00e1ndez, Tercerunquinto, Torolab, entre otros.<\/p><p>Ubicada durante 23 a\u00f1os en la colonia Roma, en una palaciega casa de la corriente ecl\u00e9ctica (porfiriana), de 1910, la labor de la galer\u00eda fue fundamental para el desarrollo art\u00edstico de la zona, ahora lugar vibrante de espacios de arte, dise\u00f1o contempor\u00e1neo, restaurantes, bares de moda y actividades culturales.<\/p><p>En 2014 el proyecto de la galer\u00eda fue la exhibici\u00f3n formidable <em>Angelolog\u00eda<\/em> de los artistas rusos <strong>Ilya y Emilia Kabakov,<\/strong> que Menocal trajo a la Ciudad de M\u00e9xico al Antiguo Colegio de San Ildefonso; adem\u00e1s de una conversaci\u00f3n entre los artistas Kabakov y Matthew Jesse Jackson, Profesor Asociado de la Universidad de Chicago.<\/p><p>De 2013 a 2018 la galer\u00eda nina menocal habit\u00f3 la colonia San Miguel Chapultepec siendo parte de un corredor de arte con las principales galer\u00eda de la Ciudad de M\u00e9xico. \u00a0Actualmente, desde 2019, est\u00e1 en Las Lomas de Chapultepec.<\/p><\/div>\n\t\t\t\t<\/div>\n\t\t\t\t\t\t\t<div class=\"elementor-accordion-item\">\n\t\t\t\t\t<div id=\"elementor-tab-title-1952\" class=\"elementor-tab-title\" data-tab=\"2\" role=\"button\" aria-controls=\"elementor-tab-content-1952\" aria-expanded=\"false\">\n\t\t\t\t\t\t\t\t\t\t\t\t\t<span class=\"elementor-accordion-icon elementor-accordion-icon-left\" aria-hidden=\"true\">\n\t\t\t\t\t\t\t\t\t\t\t\t\t\t\t<span class=\"elementor-accordion-icon-closed\"><i class=\"fas fa-plus\"><\/i><\/span>\n\t\t\t\t\t\t\t\t<span class=\"elementor-accordion-icon-opened\"><i class=\"fas fa-minus\"><\/i><\/span>\n\t\t\t\t\t\t\t\t\t\t\t\t\t\t<\/span>\n\t\t\t\t\t\t\t\t\t\t\t\t<a class=\"elementor-accordion-title\" tabindex=\"0\">BIO<\/a>\n\t\t\t\t\t<\/div>\n\t\t\t\t\t<div id=\"elementor-tab-content-1952\" class=\"elementor-tab-content elementor-clearfix\" data-tab=\"2\" role=\"region\" aria-labelledby=\"elementor-tab-title-1952\"><p class=\"p1\">Nina Menocal tiene la experiencia de 30 a\u00f1os como galerista l\u00edder de arte contempor\u00e1neo y es referente en M\u00e9xico donde vive y trabaja y en Cuba donde naci\u00f3. La \u00fanica en mostrar obras de F\u00e9lix Gonzalez-Torres e Ilya y Emilia Kabakov. Ha sido pionera y promotora de arte contempor\u00e1neo desde que fund\u00f3 la galer\u00eda nina menocal en la Ciudad de M\u00e9xico en 1990 y la primera en presentar a los museos y profesionales del mundo el movimiento contempor\u00e1neo en Cuba.<\/p><p class=\"p1\">Su iniciativa <i>ninart-havana<\/i> \u2013igualmente la primera en su tipo en el mundo- dise\u00f1a viajes culturales hechos a la medida para coleccionistas y amigos: Arquitectura de la ciudad, Festival de Ballet, encuentros de Arte con maestros de Literatura como Leonardo Padura y Bienal de La Habana.<\/p><p class=\"p1\">Nina Menocal, su personalidad, trabajo y pericia han sido destacados en una variedad de publicaciones, incluyendo los libros <i>Women Gallerists of the 20th and 21st Centuries<\/i> de Claudia<span class=\"Apple-converted-space\">\u00a0 <\/span>Herstatt (HATJ Cantz, Berl\u00edn, 2008) y <i>Gritos y Susurros<\/i> de Denise Dresser (Grijalvo, 2004), y art\u00edculo en la revista Forbes.<\/p><p class=\"p3\">Actualmente Menocal es curadora independiente y asesora de arte, trabaja con arquitectos y coleccionistas seleccionados con cuidado para integrar el arte en todas sus formas a los proyectos y colecciones. Invita a artistas de galer\u00edas de M\u00e9xico, Cuba o de cualquier otro pa\u00eds. En este sentido no est\u00e1 casada con artistas espec\u00edficos, sino que su campo es la libertad, la calidad y el conocimiento de lo mejor y mejores precios en el mercado internacional de arte.<\/p><\/div>\n\t\t\t\t<\/div>\n\t\t\t\t\t\t\t\t<\/div>\n\t\t\t\t\t\t<\/div>\n\t\t\t\t<\/div>\n\t\t\t\t<div class=\"elementor-element elementor-element-c1eb813 elementor-widget-divider--view-line jltma-glass-effect-no elementor-widget elementor-widget-divider\" data-id=\"c1eb813\" data-element_type=\"widget\" data-widget_type=\"divider.default\">\n\t\t\t\t<div class=\"elementor-widget-container\">\n\t\t\t\t\t\t\t<div class=\"elementor-divider\">\n\t\t\t<span class=\"elementor-divider-separator\">\n\t\t\t\t\t\t<\/span>\n\t\t<\/div>\n\t\t\t\t\t\t<\/div>\n\t\t\t\t<\/div>\n\t\t\t\t\t<\/div>\n\t\t<\/div>\n\t\t\t\t\t<\/div>\n\t\t<\/section>\n\t\t\t\t<section class=\"has_ma_el_bg_slider elementor-section elementor-top-section elementor-element elementor-element-587ba04 elementor-section-height-min-height elementor-section-boxed elementor-section-height-default elementor-section-items-middle jltma-glass-effect-no\" data-id=\"587ba04\" data-element_type=\"section\">\n\t\t\t\t\t\t<div class=\"elementor-container elementor-column-gap-custom\">\n\t\t\t\t\t<div class=\"has_ma_el_bg_slider elementor-column elementor-col-100 elementor-top-column elementor-element elementor-element-0652845 jltma-glass-effect-no\" data-id=\"0652845\" data-element_type=\"column\">\n\t\t\t<div class=\"elementor-widget-wrap elementor-element-populated\">\n\t\t\t\t\t\t<div class=\"elementor-element elementor-element-524cd37 jltma-glass-effect-no elementor-widget elementor-widget-spacer\" data-id=\"524cd37\" data-element_type=\"widget\" data-widget_type=\"spacer.default\">\n\t\t\t\t<div class=\"elementor-widget-container\">\n\t\t\t\t\t\t\t<div class=\"elementor-spacer\">\n\t\t\t<div class=\"elementor-spacer-inner\"><\/div>\n\t\t<\/div>\n\t\t\t\t\t\t<\/div>\n\t\t\t\t<\/div>\n\t\t\t\t\t<\/div>\n\t\t<\/div>\n\t\t\t\t\t<\/div>\n\t\t<\/section>\n\t\t\t\t<section class=\"has_ma_el_bg_slider elementor-section elementor-top-section elementor-element elementor-element-b1b7ba1 elementor-section-boxed elementor-section-height-default elementor-section-height-default jltma-glass-effect-no\" data-id=\"b1b7ba1\" data-element_type=\"section\">\n\t\t\t\t\t\t<div class=\"elementor-container elementor-column-gap-default\">\n\t\t\t\t\t<div class=\"has_ma_el_bg_slider elementor-column elementor-col-100 elementor-top-column elementor-element elementor-element-11c1971 jltma-glass-effect-no\" data-id=\"11c1971\" data-element_type=\"column\">\n\t\t\t<div class=\"elementor-widget-wrap\">\n\t\t\t\t\t\t\t<\/div>\n\t\t<\/div>\n\t\t\t\t\t<\/div>\n\t\t<\/section>\n\t\t\t\t<\/div>\n\t\t","protected":false},"excerpt":{"rendered":"<p>Comprometida desde sus or\u00edgenes con artistas emergentes cubanos, mexicanos y latinoamericanos, pionera en M\u00e9xico en las principales ferias internacionales de arte, la galer\u00eda nina menocal ha ayudado a consolidar el arte contempor\u00e1neo mexicano. Es de las primeras en su g\u00e9nero. Hoy, con exhibiciones, proyectos y la obra de sus artistas, busca renovar temas y tendencias &hellip; <\/p>\n<p class=\"link-more\"><a href=\"https:\/\/ninamenocal.com\/\" class=\"more-link\">Leer m\u00e1s<span class=\"screen-reader-text\"> \u00abInicio\u00bb<\/span><\/a><\/p>\n","protected":false},"author":1,"featured_media":0,"parent":0,"menu_order":0,"comment_status":"closed","ping_status":"closed","template":"","meta":{"footnotes":""},"class_list":["post-2","page","type-page","status-publish","hentry"],"_links":{"self":[{"href":"https:\/\/ninamenocal.com\/index.php\/wp-json\/wp\/v2\/pages\/2","targetHints":{"allow":["GET"]}}],"collection":[{"href":"https:\/\/ninamenocal.com\/index.php\/wp-json\/wp\/v2\/pages"}],"about":[{"href":"https:\/\/ninamenocal.com\/index.php\/wp-json\/wp\/v2\/types\/page"}],"author":[{"embeddable":true,"href":"https:\/\/ninamenocal.com\/index.php\/wp-json\/wp\/v2\/users\/1"}],"replies":[{"embeddable":true,"href":"https:\/\/ninamenocal.com\/index.php\/wp-json\/wp\/v2\/comments?post=2"}],"version-history":[{"count":155,"href":"https:\/\/ninamenocal.com\/index.php\/wp-json\/wp\/v2\/pages\/2\/revisions"}],"predecessor-version":[{"id":287,"href":"https:\/\/ninamenocal.com\/index.php\/wp-json\/wp\/v2\/pages\/2\/revisions\/287"}],"wp:attachment":[{"href":"https:\/\/ninamenocal.com\/index.php\/wp-json\/wp\/v2\/media?parent=2"}],"curies":[{"name":"wp","href":"https:\/\/api.w.org\/{rel}","templated":true}]}}